{"id":26,"date":"2016-07-28T13:23:43","date_gmt":"2016-07-28T11:23:43","guid":{"rendered":"https:\/\/schwalbennest.de.cool\/?page_id=26"},"modified":"2021-10-18T23:51:02","modified_gmt":"2021-10-18T21:51:02","slug":"impressum","status":"publish","type":"page","link":"https:\/\/schwalbennest.de.cool\/en_us\/impressum\/","title":{"rendered":"Contact"},"content":{"rendered":"<p>Owner:<br \/>\nGertrud G\u00fcnslein<\/p>\n<p>St\u00fcckbrunner Stra\u00dfe 15a<br \/>\n96191 Viereth-Trunstadt<\/p>\n<p>Tel.: 09503\/4247<\/p>","protected":false},"excerpt":{"rendered":"<p>Inhaberin: Gertrud G\u00fcnslein St\u00fcckbrunner Stra\u00dfe 15a 96191 Viereth-Trunstadt Tel.: 09503\/4247<\/p>","protected":false},"author":1,"featured_media":0,"parent":0,"menu_order":0,"comment_status":"closed","ping_status":"closed","template":"","meta":{"footnotes":""},"class_list":["post-26","page","type-page","status-publish","hentry"],"_links":{"self":[{"href":"https:\/\/schwalbennest.de.cool\/en_us\/wp-json\/wp\/v2\/pages\/26","targetHints":{"allow":["GET"]}}],"collection":[{"href":"https:\/\/schwalbennest.de.cool\/en_us\/wp-json\/wp\/v2\/pages"}],"about":[{"href":"https:\/\/schwalbennest.de.cool\/en_us\/wp-json\/wp\/v2\/types\/page"}],"author":[{"embeddable":true,"href":"https:\/\/schwalbennest.de.cool\/en_us\/wp-json\/wp\/v2\/users\/1"}],"replies":[{"embeddable":true,"href":"https:\/\/schwalbennest.de.cool\/en_us\/wp-json\/wp\/v2\/comments?post=26"}],"version-history":[{"count":8,"href":"https:\/\/schwalbennest.de.cool\/en_us\/wp-json\/wp\/v2\/pages\/26\/revisions"}],"predecessor-version":[{"id":265,"href":"https:\/\/schwalbennest.de.cool\/en_us\/wp-json\/wp\/v2\/pages\/26\/revisions\/265"}],"wp:attachment":[{"href":"https:\/\/schwalbennest.de.cool\/en_us\/wp-json\/wp\/v2\/media?parent=26"}],"curies":[{"name":"wp","href":"https:\/\/api.w.org\/{rel}","templated":true}]}}